{"id":133,"date":"2021-03-12T21:33:31","date_gmt":"2021-03-12T20:33:31","guid":{"rendered":"http:\/\/ebmconsultora.com\/?page_id=133"},"modified":"2021-03-12T21:48:24","modified_gmt":"2021-03-12T20:48:24","slug":"nosotros","status":"publish","type":"page","link":"https:\/\/ebmconsultora.com\/?page_id=133","title":{"rendered":"Nosotros"},"content":{"rendered":"\t\t<div data-elementor-type=\"wp-page\" data-elementor-id=\"133\" class=\"elementor elementor-133\">\n\t\t\t\t\t\t<section class=\"elementor-section elementor-top-section elementor-element elementor-element-a086cab elementor-section-boxed elementor-section-height-default elementor-section-height-default\" data-id=\"a086cab\" data-element_type=\"section\" data-e-type=\"section\">\n\t\t\t\t\t\t<div class=\"elementor-container elementor-column-gap-default\">\n\t\t\t\t\t<div class=\"elementor-column elementor-col-100 elementor-top-column elementor-element elementor-element-c874e26\" data-id=\"c874e26\" data-element_type=\"column\" data-e-type=\"column\">\n\t\t\t<div class=\"elementor-widget-wrap elementor-element-populated\">\n\t\t\t\t\t\t<section class=\"elementor-section elementor-inner-section elementor-element elementor-element-c871c51 elementor-section-boxed elementor-section-height-default elementor-section-height-default\" data-id=\"c871c51\" data-element_type=\"section\" data-e-type=\"section\">\n\t\t\t\t\t\t<div class=\"elementor-container elementor-column-gap-default\">\n\t\t\t\t\t<div class=\"elementor-column elementor-col-50 elementor-inner-column elementor-element elementor-element-3d5c2ca\" data-id=\"3d5c2ca\" data-element_type=\"column\" data-e-type=\"column\" data-settings=\"{&quot;background_background&quot;:&quot;classic&quot;}\">\n\t\t\t<div class=\"elementor-widget-wrap elementor-element-populated\">\n\t\t\t\t\t\t<div class=\"elementor-element elementor-element-8f496ee elementor-widget elementor-widget-text-editor\" data-id=\"8f496ee\" data-element_type=\"widget\" data-e-type=\"widget\" data-widget_type=\"text-editor.default\">\n\t\t\t\t<div class=\"elementor-widget-container\">\n\t\t\t\t\t\t\t\t\t<h6><span style=\"color: #008000;\">EBM Consultora Empresarial y Ambiental<\/span><\/h6>\n<p>Somos una empresa dedicada a la prestaci\u00f3n de servicios profesionales en el \u00e1rea del Medio Ambiente, Seguridad y Empresarial a trav\u00e9s del estudio de mercado y posicionamiento de la empresa con imagen en calidad de servicios y\/o producci\u00f3n.e mercado y posicionamiento de la empresa con imagen en calidad de servicios y\/o producci\u00f3n.<br\/><h6><span style=\"color: #008000;\">Misi\u00f3n<\/span><\/h6>\n<p>Entregar un soporte de calidad a nuestros clientes para alcanzar la excelencia en sus operaciones de manera tal de crear negocios sustentables. Lograr el desarrollo sustentable a trav\u00e9s de soluciones ambientales pr\u00e1cticas estrat\u00e9gicas y responsables para nuestros clientes contemplando el equilibrio entre lo econ\u00f3mico, lo social y lo ambiental. Crear valor para nuestros clientes promoviendo una diferenciaci\u00f3n competitiva a trav\u00e9s de una buena relaci\u00f3n con el medio ambiente.<br \/><h6><span style=\"color: #008000;\">Visi\u00f3n<\/span><\/span><\/h6><p>Busca ser la empresa consultora ambiental l\u00edder, bas\u00e1ndose en prestar servicios de calidad, responsabilidad y \u00e9tica. Ser reconocidos como los mejores referentes en servicios de consultor\u00eda y capacitaci\u00f3n profesional bas\u00e1ndose en su reputaci\u00f3n de calidad, responsabilidad y \u00e9tica.<\/p>\t\t\t\t\t\t\t\t<\/div>\n\t\t\t\t<\/div>\n\t\t\t\t\t<\/div>\n\t\t<\/div>\n\t\t\t\t<div class=\"elementor-column elementor-col-50 elementor-inner-column elementor-element elementor-element-e1f45b6\" data-id=\"e1f45b6\" data-element_type=\"column\" data-e-type=\"column\">\n\t\t\t<div class=\"elementor-widget-wrap elementor-element-populated\">\n\t\t\t\t\t\t<div class=\"elementor-element elementor-element-d890583 elementor-widget elementor-widget-text-editor\" data-id=\"d890583\" data-element_type=\"widget\" data-e-type=\"widget\" data-widget_type=\"text-editor.default\">\n\t\t\t\t<div class=\"elementor-widget-container\">\n\t\t\t\t\t\t\t\t\t<div id=\"columna_derecha\">\n<h6 style=\"padding-left: 80px;\"><span style=\"color: #3366ff;\">Nuestro Equipo Profesional<\/span><\/h6>\n<div class=\"textwidget\" style=\"padding-left: 40px;\">\n<h6 class=\"titulo\" style=\"padding-left: 40px;\"><span style=\"color: #3366ff;\">Ing. MAR\u00cdA ELIZABETH BEJARANO MEZA<\/span><\/h6>\n<p class=\"contenido\" style=\"padding-left: 40px;\">Ingeniera qu\u00edmica colegiada, Magister en Qu\u00edmica<br \/>Ambiental y Doctorado en Ciencias y Tecnolog\u00edas Ambientales, experiencia<br \/>en la elaboraci\u00f3n y ejecuci\u00f3n de proyectos, Seguridad e Higiene<br \/>Industrial, Sistemas Integrados; programas de capacitaci\u00f3n en Educaci\u00f3n<br \/>Ambiental, Evaluaci\u00f3n de Impacto Ambiental, Sistemas de Gesti\u00f3n<br \/>Ambiental y la Qu\u00edmica como base en la comprensi\u00f3n de los cambios en la<br \/>calidad ambiental.<\/p>\n<h6 class=\"titulo\" style=\"padding-left: 40px;\"><span style=\"color: #3366ff;\">Ing. OLIVIA ANYELINA PAZ CORRALES<\/span><\/h6>\n<p class=\"contenido\" style=\"padding-left: 40px;\">Ingeniera Qu\u00edmica, candidata a doctora en doctorado<br \/>en Ciencias y Tecnolog\u00edas Ambientales, especialista en elaboraci\u00f3n de<br \/>Instrumentos Ambientales y Tratamientos de Afluentes y Efluentes.<\/p>\n<h6 class=\"titulo\" style=\"padding-left: 40px;\"><span style=\"color: #3366ff;\">Ing. N\u00c9STOR FERNANDO HUANCA PAYEHUANCA<\/span><\/h6>\n<p class=\"contenido\" style=\"padding-left: 40px;\">Ingeniero Qu\u00edmico colegiado, segunda especialidad<br \/>en Ingenier\u00eda de Seguridad Industrial e Higiene Ocupacional, experiencia<br \/>en Seguridad y Medio Ambiente.<\/p>\n<h6 class=\"titulo\" style=\"padding-left: 40px;\"><span style=\"color: #3366ff;\">Ing. H\u00c9CTOR EMILIO PALZA ARIAS-BARAHONA<\/span><\/h6>\n<p class=\"contenido\" style=\"padding-left: 40px;\">Ingeniero Ge\u00f3logo, con maestr\u00eda en Geograf\u00eda<br \/>Ambiental y Ordenamiento Territorial, amplia experiencia en Evaluaci\u00f3n<br \/>de peligros y Gesti\u00f3n de Riesgos Ambientales, especialista en An\u00e1lisis<br \/>de Suelos.<\/p>\n<h6 class=\"titulo\" style=\"padding-left: 40px;\"><span style=\"color: #3366ff;\">Blga. JANETH KELLY CH\u00c1VEZ VALDIVIA<\/span><\/h6>\n<p class=\"contenido\" style=\"padding-left: 40px;\">Bi\u00f3loga colegiada, con diplomado en Gesti\u00f3n del<br \/>Medio Ambiente, experiencia de trabajo con fauna silvestre con<br \/>conocimientos en T\u00e9cnicas de Identificaci\u00f3n de Especies, manipulaci\u00f3n,<br \/>toma de datos morfom\u00e9tricos y colecta de espec\u00edmenes.<\/p>\n<h6 class=\"titulo\" style=\"padding-left: 40px;\">Entre otros profesionales de diferentes disciplinas.<\/h6>\n<\/div>\n<\/div>\t\t\t\t\t\t\t\t<\/div>\n\t\t\t\t<\/div>\n\t\t\t\t\t<\/div>\n\t\t<\/div>\n\t\t\t\t\t<\/div>\n\t\t<\/section>\n\t\t\t\t\t<\/div>\n\t\t<\/div>\n\t\t\t\t\t<\/div>\n\t\t<\/section>\n\t\t\t\t<\/div>\n\t\t","protected":false},"excerpt":{"rendered":"<p>EBM Consultora Empresarial y Ambiental Somos una empresa dedicada a la prestaci\u00f3n de servicios profesionales en el \u00e1rea del Medio<\/p>\n","protected":false},"author":1,"featured_media":0,"parent":0,"menu_order":0,"comment_status":"closed","ping_status":"closed","template":"","meta":{"colormag_page_container_layout":"no_sidebar_full_width","colormag_page_sidebar_layout":"no_sidebar","footnotes":""},"class_list":["post-133","page","type-page","status-publish","hentry"],"aioseo_notices":[],"amp_enabled":true,"_links":{"self":[{"href":"https:\/\/ebmconsultora.com\/index.php?rest_route=\/wp\/v2\/pages\/133","targetHints":{"allow":["GET"]}}],"collection":[{"href":"https:\/\/ebmconsultora.com\/index.php?rest_route=\/wp\/v2\/pages"}],"about":[{"href":"https:\/\/ebmconsultora.com\/index.php?rest_route=\/wp\/v2\/types\/page"}],"author":[{"embeddable":true,"href":"https:\/\/ebmconsultora.com\/index.php?rest_route=\/wp\/v2\/users\/1"}],"replies":[{"embeddable":true,"href":"https:\/\/ebmconsultora.com\/index.php?rest_route=%2Fwp%2Fv2%2Fcomments&post=133"}],"version-history":[{"count":13,"href":"https:\/\/ebmconsultora.com\/index.php?rest_route=\/wp\/v2\/pages\/133\/revisions"}],"predecessor-version":[{"id":151,"href":"https:\/\/ebmconsultora.com\/index.php?rest_route=\/wp\/v2\/pages\/133\/revisions\/151"}],"wp:attachment":[{"href":"https:\/\/ebmconsultora.com\/index.php?rest_route=%2Fwp%2Fv2%2Fmedia&parent=133"}],"curies":[{"name":"wp","href":"https:\/\/api.w.org\/{rel}","templated":true}]}}