{"id":154,"date":"2021-03-12T21:55:33","date_gmt":"2021-03-12T20:55:33","guid":{"rendered":"http:\/\/ebmconsultora.com\/?page_id=154"},"modified":"2021-03-14T07:12:40","modified_gmt":"2021-03-14T06:12:40","slug":"sevicios","status":"publish","type":"page","link":"https:\/\/ebmconsultora.com\/?page_id=154","title":{"rendered":"Servicios"},"content":{"rendered":"\t\t<div data-elementor-type=\"wp-page\" data-elementor-id=\"154\" class=\"elementor elementor-154\">\n\t\t\t\t\t\t<section class=\"elementor-section elementor-top-section elementor-element elementor-element-5dbb217 elementor-section-boxed elementor-section-height-default elementor-section-height-default\" data-id=\"5dbb217\" data-element_type=\"section\" data-e-type=\"section\">\n\t\t\t\t\t\t<div class=\"elementor-container elementor-column-gap-default\">\n\t\t\t\t\t<div class=\"elementor-column elementor-col-66 elementor-top-column elementor-element elementor-element-a738fc7\" data-id=\"a738fc7\" data-element_type=\"column\" data-e-type=\"column\">\n\t\t\t<div class=\"elementor-widget-wrap elementor-element-populated\">\n\t\t\t\t\t\t<div class=\"elementor-element elementor-element-a2a9289 elementor-widget elementor-widget-text-editor\" data-id=\"a2a9289\" data-element_type=\"widget\" data-e-type=\"widget\" data-widget_type=\"text-editor.default\">\n\t\t\t\t<div class=\"elementor-widget-container\">\n\t\t\t\t\t\t\t\t\t<p>Brindamos servicios de consultor\u00eda, asesoramiento, capacitaci\u00f3n, investigaci\u00f3n difusi\u00f3n, desarrollo e implementaci\u00f3n de estudios y proyectos multidisciplinarios de industriales, miner\u00edas, hidrocarburos y de servicios; en los campos social, pol\u00edtico, legal, industrial, econ\u00f3mico, productivo, administrativo, organizacional, ecoturismo y ambiental. As\u00ed como tambi\u00e9n la implementaci\u00f3n de sistemas integrados de gesti\u00f3n (Calidad, medio ambiente y seguridad), elaboraci\u00f3n de estudios.<\/p>\t\t\t\t\t\t\t\t<\/div>\n\t\t\t\t<\/div>\n\t\t\t\t<div class=\"elementor-element elementor-element-a41b396 elementor-widget elementor-widget-text-editor\" data-id=\"a41b396\" data-element_type=\"widget\" data-e-type=\"widget\" data-widget_type=\"text-editor.default\">\n\t\t\t\t<div class=\"elementor-widget-container\">\n\t\t\t\t\t\t\t\t\t<p class=\"titulo_02\" style=\"padding-left: 40px;\">MEDIO AMBIENTE<\/p>\n<ul>\n<li style=\"list-style-type: none;\">\n<ul class=\"ul\">\n<li class=\"li\">Asesor\u00eda e implementaci\u00f3n de planes y sistemas de gesti\u00f3n<\/li>\n<li class=\"li\">Declaraci\u00f3n de Impacto Ambiental (DIA)<\/li>\n<li class=\"li\">Diagn\u00f3stico Ambiental Preliminar<\/li>\n<li class=\"li\">Estudios de Impacto Ambiental (EIA)<\/li>\n<li class=\"li\">Estudio de Riesgo Ambiental<\/li>\n<li class=\"li\">Evaluaci\u00f3n Ambiental (EA)<\/li>\n<li class=\"li\">Instrumento de Ambiental Correctivo (IGAC)<\/li>\n<li class=\"li\">Plan de Cierre o Abandono<\/li>\n<li class=\"li\">Plan de Manejo Ambiental<\/li>\n<li class=\"li\">Plan de Manejo de Residuos S\u00f3lidos<\/li>\n<li class=\"li\">Programa de Adecuaci\u00f3n y manejo Ambiental (PAMA)<\/li>\n<li class=\"li\">Programa de participaci\u00f3n Ciudadana<\/li>\n<li class=\"li\">Programa Integral de Gesti\u00f3n Ambiental de Residuos S\u00f3lidos (PIGARS)<\/li>\n<li class=\"li\">Sistema de Informaci\u00f3n Geogr\u00e1fica (SIG)<\/li>\n<li class=\"li\">Estudio de Suelos y Uso Actual de la Tierra<\/li>\n<li class=\"li\">Proyectos Ambientales y de Responsabilidad Social<\/li>\n<\/ul>\n<\/li>\n<\/ul>\n<p class=\"titulo_02\">SEGURIDAD E HIGIENE INDUSTRIAL<\/p>\n<ul>\n<li style=\"list-style-type: none;\">\n<ul class=\"ul\">\n<li class=\"li\">Prevenci\u00f3n de riesgos Laborales.<\/li>\n<li class=\"li\">Elaboraci\u00f3n e implementaci\u00f3n del reglamento de seguridad y salud en el trabajo.<\/li>\n<li class=\"li\">Ergonom\u00eda.<\/li>\n<li class=\"li\">Identificaci\u00f3n de peligros y Evaluaci\u00f3n de riesgos (IPER).<\/li>\n<li class=\"li\">Planes de seguridad y Contingencia en Defensa Civil.<\/li>\n<\/ul>\n<\/li>\n<\/ul>\n<p class=\"titulo_02\">MONITOREOS<\/p>\n<ul>\n<li style=\"list-style-type: none;\">\n<ul class=\"ul\">\n<li class=\"li\">Calidad de agua.<\/li>\n<li class=\"li\">Calidad de aire.<\/li>\n<li class=\"li\">Emisiones.<\/li>\n<li class=\"li\">Niveles de ruido.<\/li>\n<li class=\"li\">Salud Ocupacional.<\/li>\n<li class=\"li\">Biol\u00f3gico: Flora y Fauna.<\/li>\n<\/ul>\n<\/li>\n<\/ul>\n<p class=\"titulo_02\">SERVICIOS AMBIENTALES<\/p>\n<ul>\n<li style=\"list-style-type: none;\">\n<ul class=\"ul\">\n<li class=\"li\">Purificaci\u00f3n de aguas.<\/li>\n<li class=\"li\">Auditoria Ambiental, Seguridad y Salud Ocupacional.<\/li>\n<\/ul>\n<\/li>\n<\/ul>\t\t\t\t\t\t\t\t<\/div>\n\t\t\t\t<\/div>\n\t\t\t\t\t<\/div>\n\t\t<\/div>\n\t\t\t\t<div class=\"elementor-column elementor-col-33 elementor-top-column elementor-element elementor-element-896b4bc elementor-invisible\" data-id=\"896b4bc\" data-element_type=\"column\" data-e-type=\"column\" data-settings=\"{&quot;background_background&quot;:&quot;gradient&quot;,&quot;animation&quot;:&quot;zoomIn&quot;}\">\n\t\t\t<div class=\"elementor-widget-wrap elementor-element-populated\">\n\t\t\t\t\t\t<div class=\"elementor-element elementor-element-b11f6db elementor-invisible elementor-widget elementor-widget-image\" data-id=\"b11f6db\" data-element_type=\"widget\" data-e-type=\"widget\" data-settings=\"{&quot;_animation&quot;:&quot;zoomIn&quot;}\" data-widget_type=\"image.default\">\n\t\t\t\t<div class=\"elementor-widget-container\">\n\t\t\t\t\t\t\t\t\t\t\t\t\t\t\t<img decoding=\"async\" src=\"https:\/\/ebmconsultora.com\/wp-content\/uploads\/2021\/03\/servicios_img_01.png\" title=\"servicios_img_01\" alt=\"servicios_img_01\" loading=\"lazy\" \/>\t\t\t\t\t\t\t\t\t\t\t\t\t\t\t<\/div>\n\t\t\t\t<\/div>\n\t\t\t\t<div class=\"elementor-element elementor-element-a132407 elementor-invisible elementor-widget elementor-widget-image\" data-id=\"a132407\" data-element_type=\"widget\" data-e-type=\"widget\" data-settings=\"{&quot;_animation&quot;:&quot;zoomIn&quot;}\" data-widget_type=\"image.default\">\n\t\t\t\t<div class=\"elementor-widget-container\">\n\t\t\t\t\t\t\t\t\t\t\t\t\t\t\t<img decoding=\"async\" src=\"https:\/\/ebmconsultora.com\/wp-content\/uploads\/2021\/03\/servicios_img_02.png\" title=\"servicios_img_02\" alt=\"servicios_img_02\" loading=\"lazy\" \/>\t\t\t\t\t\t\t\t\t\t\t\t\t\t\t<\/div>\n\t\t\t\t<\/div>\n\t\t\t\t<div class=\"elementor-element elementor-element-5b67bc9 elementor-invisible elementor-widget elementor-widget-image\" data-id=\"5b67bc9\" data-element_type=\"widget\" data-e-type=\"widget\" data-settings=\"{&quot;_animation&quot;:&quot;zoomIn&quot;}\" data-widget_type=\"image.default\">\n\t\t\t\t<div class=\"elementor-widget-container\">\n\t\t\t\t\t\t\t\t\t\t\t\t\t\t\t<img decoding=\"async\" src=\"https:\/\/ebmconsultora.com\/wp-content\/uploads\/2021\/03\/servicios_img_03.png\" title=\"servicios_img_03\" alt=\"servicios_img_03\" loading=\"lazy\" \/>\t\t\t\t\t\t\t\t\t\t\t\t\t\t\t<\/div>\n\t\t\t\t<\/div>\n\t\t\t\t<div class=\"elementor-element elementor-element-aa8280e elementor-invisible elementor-widget elementor-widget-image\" data-id=\"aa8280e\" data-element_type=\"widget\" data-e-type=\"widget\" data-settings=\"{&quot;_animation&quot;:&quot;zoomIn&quot;}\" data-widget_type=\"image.default\">\n\t\t\t\t<div class=\"elementor-widget-container\">\n\t\t\t\t\t\t\t\t\t\t\t\t\t\t\t<img decoding=\"async\" src=\"https:\/\/ebmconsultora.com\/wp-content\/uploads\/2021\/03\/servicios_img_04.png\" title=\"servicios_img_04\" alt=\"servicios_img_04\" loading=\"lazy\" \/>\t\t\t\t\t\t\t\t\t\t\t\t\t\t\t<\/div>\n\t\t\t\t<\/div>\n\t\t\t\t\t<\/div>\n\t\t<\/div>\n\t\t\t\t\t<\/div>\n\t\t<\/section>\n\t\t\t\t<\/div>\n\t\t","protected":false},"excerpt":{"rendered":"<p>Brindamos servicios de consultor\u00eda, asesoramiento, capacitaci\u00f3n, investigaci\u00f3n difusi\u00f3n, desarrollo e implementaci\u00f3n de estudios y proyectos multidisciplinarios de industriales, miner\u00edas, hidrocarburos<\/p>\n","protected":false},"author":1,"featured_media":0,"parent":0,"menu_order":0,"comment_status":"closed","ping_status":"closed","template":"","meta":{"colormag_page_container_layout":"no_sidebar_full_width","colormag_page_sidebar_layout":"no_sidebar","footnotes":""},"class_list":["post-154","page","type-page","status-publish","hentry"],"aioseo_notices":[],"amp_enabled":true,"_links":{"self":[{"href":"https:\/\/ebmconsultora.com\/index.php?rest_route=\/wp\/v2\/pages\/154","targetHints":{"allow":["GET"]}}],"collection":[{"href":"https:\/\/ebmconsultora.com\/index.php?rest_route=\/wp\/v2\/pages"}],"about":[{"href":"https:\/\/ebmconsultora.com\/index.php?rest_route=\/wp\/v2\/types\/page"}],"author":[{"embeddable":true,"href":"https:\/\/ebmconsultora.com\/index.php?rest_route=\/wp\/v2\/users\/1"}],"replies":[{"embeddable":true,"href":"https:\/\/ebmconsultora.com\/index.php?rest_route=%2Fwp%2Fv2%2Fcomments&post=154"}],"version-history":[{"count":12,"href":"https:\/\/ebmconsultora.com\/index.php?rest_route=\/wp\/v2\/pages\/154\/revisions"}],"predecessor-version":[{"id":225,"href":"https:\/\/ebmconsultora.com\/index.php?rest_route=\/wp\/v2\/pages\/154\/revisions\/225"}],"wp:attachment":[{"href":"https:\/\/ebmconsultora.com\/index.php?rest_route=%2Fwp%2Fv2%2Fmedia&parent=154"}],"curies":[{"name":"wp","href":"https:\/\/api.w.org\/{rel}","templated":true}]}}